{"id":42,"date":"2025-02-10T23:23:25","date_gmt":"2025-02-10T22:23:25","guid":{"rendered":"http:\/\/kaktusen.ucler.dk\/?page_id=42"},"modified":"2025-02-10T23:40:27","modified_gmt":"2025-02-10T22:40:27","slug":"kontakta-oss","status":"publish","type":"page","link":"https:\/\/kaktusen.ucler.dk\/index.php\/kontakta-oss\/","title":{"rendered":"Kontakt"},"content":{"rendered":"<p style=\"text-align: center;\"><img decoding=\"async\" class=\"alignnone size-full wp-image-27\" src=\"http:\/\/kaktusen.ucler.dk\/wp-content\/uploads\/2025\/02\/cropped-header.png\" alt=\"\" width=\"300\" height=\"100\" \/><\/p>\n<p style=\"text-align: center;\">Winter Road 10<br \/>\n135 40 Tyres\u00f6<\/p>\n<p style=\"text-align: center;\">Best\u00e4ll <a href=\"tel:+4687982077\">08-798 20 77<\/a> (Tyres\u00f6)<\/p>\n<p style=\"text-align: center;\"><span class=\"card-title\">\u00d6ppet<\/span><\/p>\n<p style=\"text-align: center;\">M\u00e5ndag-Fredag 10:00-21:00<br \/>\nL\u00f6rdag-S\u00f6ndag 11:00-21:00<\/p>\n<p style=\"text-align: center;\"><span class=\"card-title\">Hemk\u00f6rning \u2302<\/span><\/p>\n<p style=\"text-align: center;\">Hemk\u00f6rning i Tyres\u00f6 (+Brevik &amp; Raksta), \u00c4lta och Vendels\u00f6!<br \/>\nKort, Swish och kontantbetalning mottages.<br \/>\nAvgift fr\u00e5n 40 kr.<\/p>\n<p style=\"text-align: center;\"><img fetchpriority=\"high\" decoding=\"async\" class=\"aligncenter wp-image-52 size-full\" src=\"http:\/\/kaktusen.ucler.dk\/wp-content\/uploads\/2025\/02\/Skaermbillede-2025-02-10-kl.-23.38.42.png\" alt=\"\" width=\"1652\" height=\"515\" srcset=\"https:\/\/kaktusen.ucler.dk\/wp-content\/uploads\/2025\/02\/Skaermbillede-2025-02-10-kl.-23.38.42.png 1652w, https:\/\/kaktusen.ucler.dk\/wp-content\/uploads\/2025\/02\/Skaermbillede-2025-02-10-kl.-23.38.42-300x94.png 300w, https:\/\/kaktusen.ucler.dk\/wp-content\/uploads\/2025\/02\/Skaermbillede-2025-02-10-kl.-23.38.42-1024x319.png 1024w, https:\/\/kaktusen.ucler.dk\/wp-content\/uploads\/2025\/02\/Skaermbillede-2025-02-10-kl.-23.38.42-768x239.png 768w, https:\/\/kaktusen.ucler.dk\/wp-content\/uploads\/2025\/02\/Skaermbillede-2025-02-10-kl.-23.38.42-1536x479.png 1536w, https:\/\/kaktusen.ucler.dk\/wp-content\/uploads\/2025\/02\/Skaermbillede-2025-02-10-kl.-23.38.42-1568x489.png 1568w, https:\/\/kaktusen.ucler.dk\/wp-content\/uploads\/2025\/02\/Skaermbillede-2025-02-10-kl.-23.38.42-600x187.png 600w\" sizes=\"(max-width: 1652px) 100vw, 1652px\" \/><\/p>\n","protected":false},"excerpt":{"rendered":"<p>Winter Road 10 135 40 Tyres\u00f6 Best\u00e4ll 08-798 20 77 (Tyres\u00f6) \u00d6ppet M\u00e5ndag-Fredag 10:00-21:00 L\u00f6rdag-S\u00f6ndag 11:00-21:00 Hemk\u00f6rning \u2302 Hemk\u00f6rning i Tyres\u00f6 (+Brevik &amp; Raksta), \u00c4lta och Vendels\u00f6! Kort, Swish och kontantbetalning mottages. Avgift fr\u00e5n 40 kr.<\/p>\n","protected":false},"author":1,"featured_media":0,"parent":0,"menu_order":0,"comment_status":"closed","ping_status":"closed","template":"","meta":{"footnotes":""},"class_list":["post-42","page","type-page","status-publish","hentry"],"_links":{"self":[{"href":"https:\/\/kaktusen.ucler.dk\/index.php\/wp-json\/wp\/v2\/pages\/42","targetHints":{"allow":["GET"]}}],"collection":[{"href":"https:\/\/kaktusen.ucler.dk\/index.php\/wp-json\/wp\/v2\/pages"}],"about":[{"href":"https:\/\/kaktusen.ucler.dk\/index.php\/wp-json\/wp\/v2\/types\/page"}],"author":[{"embeddable":true,"href":"https:\/\/kaktusen.ucler.dk\/index.php\/wp-json\/wp\/v2\/users\/1"}],"replies":[{"embeddable":true,"href":"https:\/\/kaktusen.ucler.dk\/index.php\/wp-json\/wp\/v2\/comments?post=42"}],"version-history":[{"count":7,"href":"https:\/\/kaktusen.ucler.dk\/index.php\/wp-json\/wp\/v2\/pages\/42\/revisions"}],"predecessor-version":[{"id":48,"href":"https:\/\/kaktusen.ucler.dk\/index.php\/wp-json\/wp\/v2\/pages\/42\/revisions\/48"}],"wp:attachment":[{"href":"https:\/\/kaktusen.ucler.dk\/index.php\/wp-json\/wp\/v2\/media?parent=42"}],"curies":[{"name":"wp","href":"https:\/\/api.w.org\/{rel}","templated":true}]}}