{"id":19,"date":"2025-02-10T23:10:23","date_gmt":"2025-02-10T22:10:23","guid":{"rendered":"http:\/\/kaktusen.ucler.dk\/?page_id=19"},"modified":"2025-02-10T23:10:23","modified_gmt":"2025-02-10T22:10:23","slug":"hjem","status":"publish","type":"page","link":"https:\/\/kaktusen.ucler.dk\/","title":{"rendered":"Hjem"},"content":{"rendered":"\n<p>Velkommen til dit websted! Dette er din forside, som de fleste bes\u00f8gende vil se, n\u00e5r de kommer til dit websted for f\u00f8rste gang.<\/p>\n","protected":false},"excerpt":{"rendered":"<p>Velkommen til dit websted! Dette er din forside, som de fleste bes\u00f8gende vil se, n\u00e5r de kommer til dit websted for f\u00f8rste gang.<\/p>\n","protected":false},"author":1,"featured_media":0,"parent":0,"menu_order":0,"comment_status":"closed","ping_status":"closed","template":"","meta":{"footnotes":""},"class_list":["post-19","page","type-page","status-publish","hentry"],"_links":{"self":[{"href":"https:\/\/kaktusen.ucler.dk\/index.php\/wp-json\/wp\/v2\/pages\/19","targetHints":{"allow":["GET"]}}],"collection":[{"href":"https:\/\/kaktusen.ucler.dk\/index.php\/wp-json\/wp\/v2\/pages"}],"about":[{"href":"https:\/\/kaktusen.ucler.dk\/index.php\/wp-json\/wp\/v2\/types\/page"}],"author":[{"embeddable":true,"href":"https:\/\/kaktusen.ucler.dk\/index.php\/wp-json\/wp\/v2\/users\/1"}],"replies":[{"embeddable":true,"href":"https:\/\/kaktusen.ucler.dk\/index.php\/wp-json\/wp\/v2\/comments?post=19"}],"version-history":[{"count":1,"href":"https:\/\/kaktusen.ucler.dk\/index.php\/wp-json\/wp\/v2\/pages\/19\/revisions"}],"predecessor-version":[{"id":22,"href":"https:\/\/kaktusen.ucler.dk\/index.php\/wp-json\/wp\/v2\/pages\/19\/revisions\/22"}],"wp:attachment":[{"href":"https:\/\/kaktusen.ucler.dk\/index.php\/wp-json\/wp\/v2\/media?parent=19"}],"curies":[{"name":"wp","href":"https:\/\/api.w.org\/{rel}","templated":true}]}}